{"id":143,"date":"2012-11-28T23:30:15","date_gmt":"2012-11-28T22:30:15","guid":{"rendered":"http:\/\/www.taichi-ailes.fr\/taichi\/?page_id=143"},"modified":"2026-01-22T14:52:49","modified_gmt":"2026-01-22T13:52:49","slug":"liens","status":"publish","type":"page","link":"https:\/\/www.taichi-ailes.fr\/taichi\/liens\/","title":{"rendered":"Liens"},"content":{"rendered":"<p><!-- Main Content --><\/p>\n<div class=\"liens-container\">&nbsp;<\/p>\n<h2 class=\"qigong-section-title\">\ud83c\udf0d Annuaire Tai Chi Chuan &amp; Qi Gong<\/h2>\n<p><!-- F\u00e9d\u00e9ration --><\/p>\n<h2 class=\"liens-section-title\">F\u00e9d\u00e9ration<\/h2>\n<section id=\"FFAEMC\" class=\"liens-section\">\n<div class=\"liens-wrapper\">\n<div class=\"liens-image\"><a href=\"https:\/\/centrevaldeloire-faemc.fr\" target=\"_blank\" rel=\"noopener\"><img decoding=\"async\" src=\"https:\/\/www.taichi-ailes.fr\/taichi\/wp-content\/uploads\/2026\/01\/Logo-FFaemc-small.png\" alt=\"Logo FFaemc\"><\/a><\/div>\n<div class=\"liens-card\"><span class=\"liens-card-location\">F\u00e9d\u00e9ration des Arts \u00c9nerg\u00e9tiques et Martiaux Chinois (FFAEMC) r\u00e9gion Centre &#8211; Val de Loire<br \/>\n<\/span><br \/>\n<a href=\"https:\/\/centrevaldeloire-faemc.fr\" target=\"_blank\" rel=\"noopener\">Visiter le site officiel<\/a><\/div>\n<\/div>\n<\/section>\n<p><!-- \u00c9cole de rattachement --><\/p>\n<section id=\"ecole\" class=\"liens-section\">\n<h2 class=\"liens-section-title\">\u00c9cole de Rattachement ITCCA<\/h2>\n<div class=\"ligne-lien\"><a href=\"https:\/\/www.itcca.com\/fr\/france\/idf-denis-marques\" target=\"_blank\" rel=\"noopener\"><img decoding=\"async\" src=\"https:\/\/www.taichi-ailes.fr\/taichi\/wp-content\/uploads\/2026\/01\/logo.png\" alt=\"Logo FFaemc\"><\/a><\/p>\n<div class=\"liens-card\"><span class=\"liens-card-location\">\ud83d\udccd Paris<\/span><a href=\"https:\/\/www.itcca.com\/fr\/france\/idf-denis-marques\" target=\"_blank\" rel=\"noopener\">Denis Marqu\u00e8s (Clamart \/ Chatillon \/ Montrouge)<\/a><\/div>\n<\/div>\n<p><!-- \u00c9coles partenaires --><\/p>\n<section id=\"partenaires\" class=\"liens-section\">\n<h2 class=\"liens-section-title\">\u00c9coles Partenaires<\/h2>\n<div class=\"liens-card\"><span class=\"liens-card-location\">\ud83d\udccd St Maur<\/span><a href=\"https:\/\/www.saintmaur-taichi.fr\/\" target=\"_blank\" rel=\"noopener\">La vague et l&rsquo;Oc\u00e9an<\/a><\/div>\n<div class=\"liens-card\"><span class=\"liens-card-location\">\ud83d\udccd Paris<\/span><a href=\"https:\/\/www.tai-chi-a-paris.fr\/page\/241034-presentation\" target=\"_blank\" rel=\"noopener\">Tai Chi \u00e0 Paris<br \/>\n<\/a><\/div>\n<div class=\"liens-card\"><span class=\"liens-card-location\">\ud83d\udccd Angers<\/span><a href=\"https:\/\/www.taichi-angers.org\/\" target=\"_blank\" rel=\"noopener\">La perle du dragon<\/a><\/div>\n<div class=\"liens-card\"><span class=\"liens-card-location\">\ud83d\udccd Toulouse<\/span><a href=\"http:\/\/www.taichibienvivre.fr\/\" target=\"_blank\" rel=\"noopener\">Tai Chi Bien Vivre<\/a><\/div>\n<\/section>\n<p><!-- Liens amis --><\/p>\n<section id=\"amis\" class=\"liens-section\">\n<h2 class=\"liens-section-title\">Liens Amis<\/h2>\n<h3 class=\"liens-subsection-title\">\u00cele de France<\/h3>\n<div class=\"liens-card\"><span class=\"liens-card-location\">\ud83d\udccd <\/span><a href=\"https:\/\/lhommedejade.com\/\" target=\"_blank\" rel=\"noopener\">L&rsquo;Homme de Jade<\/a><\/div>\n<div class=\"liens-card\"><span class=\"liens-card-location\">\ud83d\udccd <\/span><a href=\"https:\/\/wuxingyao.fr\/\" target=\"_blank\" rel=\"noopener\">Wuxing Yao<\/a><\/div>\n<h3 class=\"liens-subsection-title\">Autres R\u00e9gions<\/h3>\n<div class=\"liens-card\"><span class=\"liens-card-location\">\ud83d\udccd Lille<\/span><a href=\"http:\/\/taichichuandunord.free.fr\/\" target=\"_blank\" rel=\"noopener\">ATCC NORD<\/a><\/div>\n<\/section>\n<section id=\"ressources\" class=\"liens-section\">\n<h2 class=\"liens-section-title\">Ressources Suppl\u00e9mentaires<\/h2>\n<div class=\"liens-info-card\"><strong>Annuaire Sports et loisirs :<\/strong><\/p>\n<p style=\"margin-top: 0.5rem;\">Retrouvez d&rsquo;autres clubs de <a href=\"http:\/\/www.sports-et-loisirs.fr\/resultats-clubs-de-Qi+Gong.php\" target=\"_blank\" rel=\"noopener\">Qi Gong<\/a> et de <a href=\"http:\/\/www.sports-et-loisirs.fr\/resultats-clubs-de-Tai+Chi+Chuan.php\" target=\"_blank\" rel=\"noopener\">Tai Chi Chuan<\/a> sur le site <a href=\"http:\/\/www.sports-et-loisirs.fr\/\" target=\"_blank\" rel=\"noopener\">sports-et-loisirs.fr<\/a><\/p>\n<\/div>\n<\/section>\n<\/section>\n<\/div>\n","protected":false},"excerpt":{"rendered":"<p>&nbsp; \ud83c\udf0d Annuaire Tai Chi Chuan &amp; Qi Gong F\u00e9d\u00e9ration F\u00e9d\u00e9ration des Arts \u00c9nerg\u00e9tiques et Martiaux Chinois (FFAEMC) r\u00e9gion Centre [&hellip;]<\/p>\n","protected":false},"author":1,"featured_media":0,"parent":0,"menu_order":0,"comment_status":"closed","ping_status":"closed","template":"","meta":{"site-sidebar-layout":"default","site-content-layout":"","ast-site-content-layout":"default","site-content-style":"default","site-sidebar-style":"default","ast-global-header-display":"","ast-banner-title-visibility":"","ast-main-header-display":"","ast-hfb-above-header-display":"","ast-hfb-below-header-display":"","ast-hfb-mobile-header-display":"","site-post-title":"disabled","ast-breadcrumbs-content":"","ast-featured-img":"","footer-sml-layout":"","ast-disable-related-posts":"","theme-transparent-header-meta":"default","adv-header-id-meta":"","stick-header-meta":"","header-above-stick-meta":"","header-main-stick-meta":"","header-below-stick-meta":"","astra-migrate-meta-layouts":"set","ast-page-background-enabled":"default","ast-page-background-meta":{"desktop":{"background-color":"var(--ast-global-color-5)","background-image":"","background-repeat":"repeat","background-position":"center center","background-size":"auto","background-attachment":"scroll","background-type":"","background-media":"","overlay-type":"","overlay-color":"","overlay-opacity":"","overlay-gradient":""},"tablet":{"background-color":"","background-image":"","background-repeat":"repeat","background-position":"center center","background-size":"auto","background-attachment":"scroll","background-type":"","background-media":"","overlay-type":"","overlay-color":"","overlay-opacity":"","overlay-gradient":""},"mobile":{"background-color":"","background-image":"","background-repeat":"repeat","background-position":"center center","background-size":"auto","background-attachment":"scroll","background-type":"","background-media":"","overlay-type":"","overlay-color":"","overlay-opacity":"","overlay-gradient":""}},"ast-content-background-meta":{"desktop":{"background-color":"var(--ast-global-color-4)","background-image":"","background-repeat":"repeat","background-position":"center center","background-size":"auto","background-attachment":"scroll","background-type":"","background-media":"","overlay-type":"","overlay-color":"","overlay-opacity":"","overlay-gradient":""},"tablet":{"background-color":"var(--ast-global-color-4)","background-image":"","background-repeat":"repeat","background-position":"center center","background-size":"auto","background-attachment":"scroll","background-type":"","background-media":"","overlay-type":"","overlay-color":"","overlay-opacity":"","overlay-gradient":""},"mobile":{"background-color":"var(--ast-global-color-4)","background-image":"","background-repeat":"repeat","background-position":"center center","background-size":"auto","background-attachment":"scroll","background-type":"","background-media":"","overlay-type":"","overlay-color":"","overlay-opacity":"","overlay-gradient":""}},"ngg_post_thumbnail":0,"footnotes":""},"class_list":["post-143","page","type-page","status-publish","hentry"],"_links":{"self":[{"href":"https:\/\/www.taichi-ailes.fr\/taichi\/wp-json\/wp\/v2\/pages\/143","targetHints":{"allow":["GET"]}}],"collection":[{"href":"https:\/\/www.taichi-ailes.fr\/taichi\/wp-json\/wp\/v2\/pages"}],"about":[{"href":"https:\/\/www.taichi-ailes.fr\/taichi\/wp-json\/wp\/v2\/types\/page"}],"author":[{"embeddable":true,"href":"https:\/\/www.taichi-ailes.fr\/taichi\/wp-json\/wp\/v2\/users\/1"}],"replies":[{"embeddable":true,"href":"https:\/\/www.taichi-ailes.fr\/taichi\/wp-json\/wp\/v2\/comments?post=143"}],"version-history":[{"count":98,"href":"https:\/\/www.taichi-ailes.fr\/taichi\/wp-json\/wp\/v2\/pages\/143\/revisions"}],"predecessor-version":[{"id":3837,"href":"https:\/\/www.taichi-ailes.fr\/taichi\/wp-json\/wp\/v2\/pages\/143\/revisions\/3837"}],"wp:attachment":[{"href":"https:\/\/www.taichi-ailes.fr\/taichi\/wp-json\/wp\/v2\/media?parent=143"}],"curies":[{"name":"wp","href":"https:\/\/api.w.org\/{rel}","templated":true}]}}