{"id":3451,"date":"2025-12-16T21:49:09","date_gmt":"2025-12-16T20:49:09","guid":{"rendered":"https:\/\/www.taichi-ailes.fr\/taichi\/?page_id=3451"},"modified":"2026-04-02T12:46:13","modified_gmt":"2026-04-02T11:46:13","slug":"tcc","status":"publish","type":"page","link":"https:\/\/www.taichi-ailes.fr\/taichi\/tcc\/","title":{"rendered":"TCC v2"},"content":{"rendered":"<p>&nbsp;<br \/>\n<!-- Quick Links --><\/p>\n<div class=\"quick-links\">\n<div class=\"quick-links-grid\"><a class=\"quick-link-btn\" href=\"#equipe\" rel=\"noopener\">\ud83d\udc64 Equipe<\/a><a class=\"quick-link-btn\" href=\"#cours\">\ud83d\udcda Nos cours<\/a><a class=\"quick-link-btn\" href=\"#inscription\">\ud83d\udd8b\ufe0f Inscription<\/a><\/div>\n<\/div>\n<p><!-- \u00c0 propos du Tai Chi --><br \/>\n<class=\"taichi-section taichi-fade-in\"><\/p>\n<h2 class=\"taichi-section-title\">Le Tai Chi Chuan<\/h2>\n<div class=\"taichi-about-content\">\n<div class=\"taichi-about-image\">&nbsp;<\/div>\n<div class=\"taichi-about-text\">\n<p>La forme pratiqu\u00e9e est le <strong>Style Yang Originel<\/strong> enseign\u00e9 par <strong>Ma\u00eetre CHU King Hung<\/strong>, fondateur de l&rsquo;ITCCA (International Tai Chi Chuan Association).<\/p>\n<p>Art martial interne, le Tai Chi Chuan est une gestuelle \u00e9nerg\u00e9tique traditionnelle chinoise dont la base, dite \u00ab\u00a0FORME\u00a0\u00bb, est un encha\u00eenement de mouvements lents, ronds et synchronis\u00e9s.<\/p>\n<p>Son ex\u00e9cution consciente a une excellente influence sur la sant\u00e9, la vitalit\u00e9 et la d\u00e9tente profonde. Art du mouvement et de l&rsquo;unit\u00e9 corps-esprit, le Tai Chi Chuan est fond\u00e9, comme l&rsquo;acupuncture, sur l&rsquo;alternance et la libre circulation Yin-Yang de l&rsquo;\u00e9nergie (le Qi).<\/p>\n<p><strong>Ses bienfaits se font tr\u00e8s vite sentir<\/strong> : on a l&rsquo;impression de reprendre \u00ab\u00a0pied sur terre\u00a0\u00bb et on retrouve le plaisir d&rsquo;habiter son corps. C&rsquo;est un excellent calmant des tensions accumul\u00e9es dans le corps et dans la t\u00eate.<\/p>\n<p class=\"taichi-highlight\">En Chine, on l&rsquo;appelle \u00ab\u00a0ART DE LONGUE VIE\u00a0\u00bb<\/p>\n<\/div>\n<\/div>\n<p><!-- \u00c9quipe --><\/p>\n<section id=\"equipe\" class=\"taichi-section taichi-fade-in\">\n<h2 class=\"taichi-section-title\">Notre \u00c9quipe<\/h2>\n<p class=\"taichi-team-intro\">Les enseignantes sont en formation continue avec <strong>Denis Marqu\u00e8s<\/strong>,<br \/>\ndisciple de Ma\u00eetre <strong>Chu King Hung<\/strong> (ITCCA)<\/p>\n<div class=\"taichi-team-grid\">\n<div class=\"taichi-team-member\">\n<p><img decoding=\"async\" class=\"qigong-team-avatar\" src=\"https:\/\/www.taichi-ailes.fr\/taichi\/wp-content\/uploads\/2026\/04\/Genevieve_miniature.jpg\" alt=\"Genevi\u00e8ve Cheetham\"><\/p>\n<h3>Genevi\u00e8ve Cheetham<\/h3>\n<p class=\"taichi-role\">Pr\u00e9sidente et enseignante<\/p>\n<ul>\n<li>Dipl\u00f4m\u00e9e FAEMC &#8211; 3\u00e8me Duan<\/li>\n<\/ul>\n<\/div>\n<div class=\"taichi-team-member\">\n<p><img decoding=\"async\" class=\"qigong-team-avatar\" src=\"https:\/\/www.taichi-ailes.fr\/taichi\/wp-content\/uploads\/2026\/04\/Karine_miniature.jpg\" alt=\"Karine Fredon\"><\/p>\n<h3>Karine Fredon<\/h3>\n<p class=\"taichi-role\">Enseignante<\/p>\n<ul>\n<li>Dipl\u00f4m\u00e9e FAEMC &#8211; 3\u00e8me Duan<\/li>\n<li>Formation continue avec Ma\u00eetre Chu King Hung<\/li>\n<\/ul>\n<\/div>\n<div class=\"taichi-team-member\">\n<p><img decoding=\"async\" class=\"qigong-team-avatar\" src=\"https:\/\/www.taichi-ailes.fr\/taichi\/wp-content\/uploads\/2026\/04\/Marie-Claude_miniature.jpg\" alt=\"Marie Claude Plantade\"><\/p>\n<h3>Marie Claude Plantade<\/h3>\n<p class=\"taichi-role\">Enseignante<\/p>\n<ul>\n<li>Dipl\u00f4m\u00e9e FAEMC &#8211; 3\u00e8me Duan<\/li>\n<\/ul>\n<\/div>\n<div class=\"taichi-team-member\">\n<p><img decoding=\"async\" class=\"qigong-team-avatar\" src=\"https:\/\/www.taichi-ailes.fr\/taichi\/wp-content\/uploads\/2026\/04\/Cecile_miniature.jpg\" alt=\"C\u00e9cile Girard\"><\/p>\n<h3>C\u00e9cile Girard<\/h3>\n<p class=\"taichi-role\">Enseignante<\/p>\n<ul>\n<li>Dipl\u00f4m\u00e9e FAEMC &#8211; 3\u00e8me Duan<\/li>\n<\/ul>\n<\/div>\n<div class=\"taichi-team-member\">\n<p><img decoding=\"async\" class=\"qigong-team-avatar\" src=\"https:\/\/www.taichi-ailes.fr\/taichi\/wp-content\/uploads\/2026\/04\/Sylvie_miniature.jpg\" alt=\"Sylvie Peschard\"><\/p>\n<h3>Sylvie Peschard<\/h3>\n<p class=\"taichi-role\">Assistante<\/p>\n<ul>\n<li>Dipl\u00f4m\u00e9e FAEMC &#8211; 1er Duan<\/li>\n<\/ul>\n<\/div>\n<div class=\"taichi-team-member\">\n<p><img decoding=\"async\" class=\"qigong-team-avatar\" src=\"https:\/\/www.taichi-ailes.fr\/taichi\/wp-content\/uploads\/2026\/04\/Patrice_miniature.jpg\" alt=\"Patrice Douvry\"><\/p>\n<h3>Patrice Douvry<\/h3>\n<p class=\"taichi-role\">Assistant<\/p>\n<ul>\n<li>Dipl\u00f4m\u00e9 FAEMC &#8211; 1er Duan<\/li>\n<\/ul>\n<\/div>\n<div class=\"taichi-team-member\">\n<p><img decoding=\"async\" class=\"qigong-team-avatar\" src=\"https:\/\/www.taichi-ailes.fr\/taichi\/wp-content\/uploads\/2026\/04\/Seb_miniature.jpg\" alt=\"S\u00e9bastien Barcelone\"><\/p>\n<h3>S\u00e9bastien Barcelone<\/h3>\n<p class=\"taichi-role\">Assistant<\/p>\n<ul>\n<li>Dipl\u00f4m\u00e9 FAEMC &#8211; 1er Duan<\/li>\n<\/ul>\n<\/div>\n<\/div>\n<\/section>\n<p><!-- Cours --><\/p>\n<section id=\"cours\" class=\"taichi-section taichi-fade-in\">\n<h2 class=\"taichi-section-title\">Nos Cours<\/h2>\n<div class=\"taichi-cours-grid\">\n<div class=\"taichi-cours-card\">\n<h3>\ud83c\udf31 D\u00e9butant<\/h3>\n<div class=\"taichi-cours-item\">\n<p><span class=\"taichi-icon\">\ud83d\udccd<\/span><\/p>\n<div class=\"taichi-cours-details\"><span class=\"taichi-cours-time\">Mardi : 20h &#8211; 21h15<\/span><br \/>\n<span class=\"taichi-cours-location\">Salle des Chats Ferr\u00e9s &#8211; Orl\u00e9ans<\/span><\/div>\n<p><a class=\"taichi-map-link\" href=\"https:\/\/www.google.com\/maps\/place\/Salle+Ds+Chats+Ferres\/@47.9006958,1.8984986,17z\" target=\"_blank\" rel=\"noopener\">\ud83d\uddfa\ufe0f<\/a><\/p>\n<\/div>\n<div class=\"taichi-cours-item\">\n<p><span class=\"taichi-icon\">\ud83d\udccd<\/span><\/p>\n<div class=\"taichi-cours-details\"><span class=\"taichi-cours-time\">Mercredi : 17h45 &#8211; 19h15<\/span><br \/>\n<span class=\"taichi-cours-location\">Salle des Chats Ferr\u00e9s &#8211; Orl\u00e9ans<\/span><\/div>\n<p><a class=\"taichi-map-link\" href=\"https:\/\/www.google.com\/maps\/place\/Salle+Ds+Chats+Ferres\/@47.9006958,1.8984986,17z\" target=\"_blank\" rel=\"noopener\">\ud83d\uddfa\ufe0f<\/a><\/p>\n<\/div>\n<div class=\"taichi-cours-item\">\n<p><span class=\"taichi-icon\">\ud83d\udccd<\/span><\/p>\n<div class=\"taichi-cours-details\"><span class=\"taichi-cours-time\">Jeudi : 9h30 &#8211; 10h45<\/span><br \/>\n<span class=\"taichi-cours-location\">Ste Beuve &#8211; Orl\u00e9ans la Source<\/span><\/div>\n<p><a class=\"taichi-map-link\" href=\"https:\/\/www.google.com\/maps\/place\/Centre+Social+Sainte+Beuve\/@47.83782,1.9372684,19z\" target=\"_blank\" rel=\"noopener\">\ud83d\uddfa\ufe0f<\/a><\/p>\n<\/div>\n<\/div>\n<div class=\"taichi-cours-card\">\n<h3>\ud83c\udf3f 2\u00e8me partie (accessible apr\u00e8s avoir termin\u00e9 la 1\u00e8re partie)<\/h3>\n<div class=\"taichi-cours-item\">\n<p><span class=\"taichi-icon\">\ud83d\udccd<\/span><\/p>\n<div class=\"taichi-cours-details\"><span class=\"taichi-cours-time\">Mardi : 18h30 &#8211; 19h45 et 20h &#8211; 21h15<\/span><br \/>\n<span class=\"taichi-cours-location\">Salle des Chats Ferr\u00e9s &#8211; Orl\u00e9ans<\/span><\/div>\n<p><a class=\"taichi-map-link\" href=\"https:\/\/www.google.com\/maps\/place\/Salle+Ds+Chats+Ferres\/@47.9006958,1.8984986,17z\" target=\"_blank\" rel=\"noopener\">\ud83d\uddfa\ufe0f<\/a><\/p>\n<\/div>\n<div class=\"taichi-cours-item\">\n<p><span class=\"taichi-icon\">\ud83d\udccd<\/span><\/p>\n<div class=\"taichi-cours-details\"><span class=\"taichi-cours-time\">Mercredi : 17h45 &#8211; 19h15<\/span><br \/>\n<span class=\"taichi-cours-location\">Salle des Chats Ferr\u00e9s &#8211; Orl\u00e9ans<\/span><\/div>\n<p><a class=\"taichi-map-link\" href=\"https:\/\/www.google.com\/maps\/place\/Salle+Ds+Chats+Ferres\/@47.9006958,1.8984986,17z\" target=\"_blank\" rel=\"noopener\">\ud83d\uddfa\ufe0f<\/a><\/p>\n<\/div>\n<div class=\"taichi-cours-item\">\n<p><span class=\"taichi-icon\">\ud83d\udccd<\/span><\/p>\n<div class=\"taichi-cours-details\"><span class=\"taichi-cours-time\">Jeudi : 12h15 &#8211; 13h30<\/span><br \/>\n<span class=\"taichi-cours-location\">Palais des sports &#8211; Orl\u00e9ans<\/span><\/div>\n<p><a class=\"taichi-map-link\" href=\"https:\/\/www.google.com\/maps\/place\/Salle+Ds+Chats+Ferres\/@47.9006958,1.8984986,17z\" target=\"_blank\" rel=\"noopener\">\ud83d\uddfa\ufe0f<\/a><\/p>\n<\/div>\n<\/div>\n<div class=\"taichi-cours-card\">\n<h3>\ud83c\udf33 3\u00e8me partie (accessible apr\u00e8s avoir termin\u00e9 la 3e partie)<\/h3>\n<div class=\"taichi-cours-item\">\n<p><span class=\"taichi-icon\">\ud83d\udccd<\/span><\/p>\n<div class=\"taichi-cours-details\"><span class=\"taichi-cours-time\">Mardi : 20h &#8211; 21h15<\/span><br \/>\n<span class=\"taichi-cours-location\">Salle des Chats Ferr\u00e9s &#8211; Orl\u00e9ans<\/span><\/div>\n<p><a class=\"taichi-map-link\" href=\"https:\/\/www.google.com\/maps\/place\/Salle+Ds+Chats+Ferres\/@47.9006958,1.8984986,17z\" target=\"_blank\" rel=\"noopener\">\ud83d\uddfa\ufe0f<\/a><\/p>\n<\/div>\n<div class=\"taichi-cours-item\">\n<p><span class=\"taichi-icon\">\ud83d\udccd<\/span><\/p>\n<div class=\"taichi-cours-details\"><span class=\"taichi-cours-time\">Mercredi : 17h45 &#8211; 19h15<\/span><br \/>\n<span class=\"taichi-cours-location\">Salle des Chats Ferr\u00e9s &#8211; Orl\u00e9ans<\/span><\/div>\n<p><a class=\"taichi-map-link\" href=\"https:\/\/www.google.com\/maps\/place\/Salle+Ds+Chats+Ferres\/@47.9006958,1.8984986,17z\" target=\"_blank\" rel=\"noopener\">\ud83d\uddfa\ufe0f<\/a><\/p>\n<\/div>\n<div class=\"taichi-cours-item\">\n<p><span class=\"taichi-icon\">\ud83d\udccd<\/span><\/p>\n<div class=\"taichi-cours-details\"><span class=\"taichi-cours-time\">Jeudi : 12h15 &#8211; 13h30<\/span><br \/>\n<span class=\"taichi-cours-location\">Salle des Chats Ferr\u00e9s &#8211; Orl\u00e9ans<\/span><\/div>\n<p><a class=\"taichi-map-link\" href=\"https:\/\/www.google.com\/maps\/place\/Salle+Ds+Chats+Ferres\/@47.9006958,1.8984986,17z\" target=\"_blank\" rel=\"noopener\">\ud83d\uddfa\ufe0f<\/a><\/p>\n<\/div>\n<\/div>\n<div class=\"taichi-cours-card\">\n<h3>\u2694\ufe0f Anciens + Pratique des armes<\/h3>\n<div class=\"taichi-cours-item\">\n<p><span class=\"taichi-icon\">\ud83d\udccd<\/span><\/p>\n<div class=\"taichi-cours-details\"><span class=\"taichi-cours-time\">Jeudi : 18h30 &#8211; 20h<\/span><br \/>\n<span class=\"taichi-cours-location\">Espace Olympe de Gouges &#8211; Orl\u00e9ans la Source<\/span><\/div>\n<p><a class=\"taichi-map-link\" href=\"https:\/\/www.google.com\/maps\/place\/Espace+Olympe+De+Gouges\/@47.8349963,1.9333362,17z\" target=\"_blank\" rel=\"noopener\">\ud83d\uddfa\ufe0f<\/a><\/p>\n<\/div>\n<\/div>\n<div class=\"taichi-cours-card\">\n<h3>\ud83e\udd1d Ateliers (Travail \u00e0 2 et tests \u00e9nerg\u00e9tiques)<\/h3>\n<p class=\"taichi-cours-note\">Ouvert aux personnes ayant assimil\u00e9 la 1\u00e8re partie<\/p>\n<div class=\"taichi-cours-item\">\n<p><span class=\"taichi-icon\">\ud83d\udccd<\/span><\/p>\n<div class=\"taichi-cours-details\"><span class=\"taichi-cours-time\">Mercredi : 20h &#8211; 21h30<\/span><br \/>\n<span class=\"taichi-cours-location\">ASELQO Ste Beuve &#8211; Orl\u00e9ans la Source<\/span><\/div>\n<p><a class=\"taichi-map-link\" href=\"https:\/\/www.google.com\/maps\/place\/Centre+Social+Sainte+Beuve\/@47.83782,1.9372684,19z\" target=\"_blank\" rel=\"noopener\">\ud83d\uddfa\ufe0f<\/a><\/p>\n<\/div>\n<\/div>\n<\/div>\n<\/section>\n<p><!-- Inscription --><\/p>\n<section id=\"inscription\" class=\"taichi-section taichi-inscription taichi-fade-in\">\n<h2 class=\"taichi-section-title\">Inscription 2025-2026<\/h2>\n<div class=\"taichi-docs-links\"><a class=\"taichi-doc-link\" href=\"https:\/\/www.taichi-ailes.fr\/taichi\/wp-content\/uploads\/2025\/09\/Plaquette2025-2026_site_finale-compresse.pdf\" target=\"_blank\" rel=\"noopener\"><br \/>\n<span class=\"taichi-doc-icon\">\ud83d\udccb<\/span><br \/>\nPlaquette 2025-2026<br \/>\n<\/a><br \/>\n<a class=\"taichi-doc-link\" href=\"https:\/\/www.taichi-ailes.fr\/taichi\/wp-content\/uploads\/2025\/09\/Bulletin-dinscription-TCC_2025-2026.pdf\" target=\"_blank\" rel=\"noopener\"><br \/>\n<span class=\"taichi-doc-icon\">\u270d\ufe0f<\/span><br \/>\nBulletin d&rsquo;inscription<br \/>\n<\/a><br \/>\n<a class=\"taichi-doc-link\" href=\"https:\/\/www.taichi-ailes.fr\/taichi\/wp-content\/uploads\/2020\/08\/Questionnaire-sant%C3%A9.pdf\" target=\"_blank\" rel=\"noopener\"><br \/>\n<span class=\"taichi-doc-icon\">\ud83c\udfe5<\/span><br \/>\nQuestionnaire sant\u00e9<br \/>\n<\/a><\/div>\n<\/section>\n","protected":false},"excerpt":{"rendered":"<p>&nbsp; \ud83d\udc64 Equipe\ud83d\udcda Nos cours\ud83d\udd8b\ufe0f Inscription Le Tai Chi Chuan &nbsp; La forme pratiqu\u00e9e est le Style Yang Originel enseign\u00e9 [&hellip;]<\/p>\n","protected":false},"author":9,"featured_media":0,"parent":0,"menu_order":0,"comment_status":"closed","ping_status":"closed","template":"","meta":{"site-sidebar-layout":"default","site-content-layout":"","ast-site-content-layout":"default","site-content-style":"default","site-sidebar-style":"default","ast-global-header-display":"","ast-banner-title-visibility":"","ast-main-header-display":"","ast-hfb-above-header-display":"","ast-hfb-below-header-display":"","ast-hfb-mobile-header-display":"","site-post-title":"disabled","ast-breadcrumbs-content":"","ast-featured-img":"","footer-sml-layout":"","ast-disable-related-posts":"","theme-transparent-header-meta":"default","adv-header-id-meta":"","stick-header-meta":"","header-above-stick-meta":"","header-main-stick-meta":"","header-below-stick-meta":"","astra-migrate-meta-layouts":"set","ast-page-background-enabled":"default","ast-page-background-meta":{"desktop":{"background-color":"var(--ast-global-color-5)","background-image":"","background-repeat":"repeat","background-position":"center center","background-size":"auto","background-attachment":"scroll","background-type":"","background-media":"","overlay-type":"","overlay-color":"","overlay-opacity":"","overlay-gradient":""},"tablet":{"background-color":"","background-image":"","background-repeat":"repeat","background-position":"center center","background-size":"auto","background-attachment":"scroll","background-type":"","background-media":"","overlay-type":"","overlay-color":"","overlay-opacity":"","overlay-gradient":""},"mobile":{"background-color":"","background-image":"","background-repeat":"repeat","background-position":"center center","background-size":"auto","background-attachment":"scroll","background-type":"","background-media":"","overlay-type":"","overlay-color":"","overlay-opacity":"","overlay-gradient":""}},"ast-content-background-meta":{"desktop":{"background-color":"var(--ast-global-color-4)","background-image":"","background-repeat":"repeat","background-position":"center center","background-size":"auto","background-attachment":"scroll","background-type":"","background-media":"","overlay-type":"","overlay-color":"","overlay-opacity":"","overlay-gradient":""},"tablet":{"background-color":"var(--ast-global-color-4)","background-image":"","background-repeat":"repeat","background-position":"center center","background-size":"auto","background-attachment":"scroll","background-type":"","background-media":"","overlay-type":"","overlay-color":"","overlay-opacity":"","overlay-gradient":""},"mobile":{"background-color":"var(--ast-global-color-4)","background-image":"","background-repeat":"repeat","background-position":"center center","background-size":"auto","background-attachment":"scroll","background-type":"","background-media":"","overlay-type":"","overlay-color":"","overlay-opacity":"","overlay-gradient":""}},"ngg_post_thumbnail":0,"footnotes":""},"class_list":["post-3451","page","type-page","status-publish","hentry"],"_links":{"self":[{"href":"https:\/\/www.taichi-ailes.fr\/taichi\/wp-json\/wp\/v2\/pages\/3451","targetHints":{"allow":["GET"]}}],"collection":[{"href":"https:\/\/www.taichi-ailes.fr\/taichi\/wp-json\/wp\/v2\/pages"}],"about":[{"href":"https:\/\/www.taichi-ailes.fr\/taichi\/wp-json\/wp\/v2\/types\/page"}],"author":[{"embeddable":true,"href":"https:\/\/www.taichi-ailes.fr\/taichi\/wp-json\/wp\/v2\/users\/9"}],"replies":[{"embeddable":true,"href":"https:\/\/www.taichi-ailes.fr\/taichi\/wp-json\/wp\/v2\/comments?post=3451"}],"version-history":[{"count":33,"href":"https:\/\/www.taichi-ailes.fr\/taichi\/wp-json\/wp\/v2\/pages\/3451\/revisions"}],"predecessor-version":[{"id":3963,"href":"https:\/\/www.taichi-ailes.fr\/taichi\/wp-json\/wp\/v2\/pages\/3451\/revisions\/3963"}],"wp:attachment":[{"href":"https:\/\/www.taichi-ailes.fr\/taichi\/wp-json\/wp\/v2\/media?parent=3451"}],"curies":[{"name":"wp","href":"https:\/\/api.w.org\/{rel}","templated":true}]}}