{"id":3453,"date":"2025-12-16T21:45:55","date_gmt":"2025-12-16T20:45:55","guid":{"rendered":"https:\/\/www.taichi-ailes.fr\/taichi\/?page_id=3453"},"modified":"2026-04-02T12:22:53","modified_gmt":"2026-04-02T11:22:53","slug":"qgg","status":"publish","type":"page","link":"https:\/\/www.taichi-ailes.fr\/taichi\/qgg\/","title":{"rendered":"QGG v2"},"content":{"rendered":"<p>&nbsp;<br \/>\n<!-- Quick Links --><\/p>\n<div class=\"quick-links\">\n<div class=\"quick-links-grid\">\n<a class=\"quick-link-btn\" href=\"#equipe\"_blank\" rel=\"noopener\">\ud83d\udc64 Equipe<\/a><a class=\"quick-link-btn\" href=\"#cours\">\ud83d\udcda Nos cours<\/a><a class=\"quick-link-btn\" href=\"#inscription\">\ud83d\udd8b\ufe0f Inscription<\/a><a class=\"quick-link-btn\" href=\"#ateliers\">\ud83c\udfeb Nos ateliers<\/a>\n<\/div>\n<\/div>\n<p><!-- \u00c0 propos du Qi Gong --><br \/>\n<class=\"qigong-section qigong-fade-in\"><\/p>\n<h2 class=\"qigong-section-title\">Le Qi Gong<\/h2>\n<div class=\"qigong-about-content\">\n<div class=\"qigong-about-image\"><\/div>\n<div class=\"qigong-about-text\">\n<p>Le <strong>Qi Gong<\/strong> est un art de pr\u00e9vention, de bien-\u00eatre, de sant\u00e9, bas\u00e9 sur des concepts de la <strong>M\u00e9decine Traditionnelle Chinoise<\/strong>.<\/p>\n<p>Il d\u00e9veloppe la d\u00e9tente corporelle, la fluidit\u00e9 de la respiration, le calme de l&rsquo;esprit, la paix du c\u0153ur. Dans le Qi Gong dynamique, le mouvement est primordial pour stimuler l&rsquo;\u00e9nergie.<\/p>\n<p>C&rsquo;est un travail de r\u00e9p\u00e9tition, d&rsquo;affinage de la sensation interne dans une gestuelle simple, lente, fluide, ax\u00e9e, centr\u00e9e, conduite par une intention, conscience l\u00e9g\u00e8re, anim\u00e9e par une respiration lente, profonde, r\u00e9guli\u00e8re, silencieuse.<\/p>\n<p>L&rsquo;\u00e9nergie interne circule librement dans un corps unifi\u00e9, enracin\u00e9. La forme dynamique comprend les automassages faciles \u00e0 pratiquer. Les formes statiques sont pratiqu\u00e9es debout, assis ou couch\u00e9.<\/p>\n<p><strong>Une pratique r\u00e9guli\u00e8re est essentielle<\/strong> pour augmenter son capital d&rsquo;\u00e9nergie vitale, pour s&rsquo;\u00e9panouir physiquement, psychologiquement et spirituellement.<\/p>\n<\/p><\/div>\n<\/p><\/div>\n<\/section>\n<p><!-- \u00c9quipe --><\/p>\n<section id=\"equipe\" class=\"qigong-section qigong-fade-in\">\n<h2 class=\"qigong-section-title\">Notre \u00c9quipe<\/h2>\n<p class=\"qigong-team-intro\">\n        Enseignantes dipl\u00f4m\u00e9es en formation continue\n    <\/p>\n<div class=\"qigong-team-grid\">\n<div class=\"qigong-team-member\">\n            <img decoding=\"async\" src=\"https:\/\/www.taichi-ailes.fr\/taichi\/wp-content\/uploads\/2026\/04\/Marielle_miniature.jpg\" alt=\"Marielle Canepa\" class=\"qigong-team-avatar\"><\/p>\n<h3>Marielle Canepa<\/h3>\n<p class=\"qigong-role\">Enseignante<\/p>\n<ul>\n<li>Dipl\u00f4m\u00e9e de l&rsquo;\u00e9cole Les temps du corps (Paris et Beidaihe\/Chine)<\/li>\n<li>Dipl\u00f4me f\u00e9d\u00e9ral FEQGAE<\/li>\n<\/ul><\/div>\n<div class=\"qigong-team-member\">\n            <img decoding=\"async\" src=\"https:\/\/www.taichi-ailes.fr\/taichi\/wp-content\/uploads\/2026\/04\/Joelle_miniature.jpg\" alt=\"Jo\u00eblle Ribaud\" class=\"qigong-team-avatar\"><\/p>\n<h3>Jo\u00eblle Ribaud<\/h3>\n<p class=\"qigong-role\">Enseignante<\/p>\n<ul>\n<li>Dipl\u00f4m\u00e9e de l&rsquo;\u00e9cole Les temps du corps<\/li>\n<\/ul><\/div>\n<div class=\"qigong-team-member\">\n            <img decoding=\"async\" src=\"https:\/\/www.taichi-ailes.fr\/taichi\/wp-content\/uploads\/2026\/04\/Claire_miniature.jpg\" alt=\"Claire Baadoud\" class=\"qigong-team-avatar\"><\/p>\n<h3>Claire Baadoud<\/h3>\n<p class=\"qigong-role\">Enseignante<\/p>\n<ul>\n<li>Dipl\u00f4m\u00e9e de l&rsquo;\u00e9cole Les temps du corps<\/li>\n<\/ul><\/div>\n<\/p><\/div>\n<\/section>\n<p><!-- Cours --><\/p>\n<section id=\"cours\" class=\"qigong-section qigong-fade-in\">\n<h2 class=\"qigong-section-title\">Nos Cours<\/h2>\n<div class=\"qigong-cours-category\">\n<h3 class=\"qigong-category-title\">Cours ouverts \u00e0 tous<\/h3>\n<\/p><\/div>\n<div class=\"qigong-cours-grid\">\n<div class=\"qigong-cours-card\">\n<h3>\ud83c\udf38 Qi Gong de la femme<\/h3>\n<p class=\"qigong-description\">D\u00e9couverte du corps \u00e9nerg\u00e9tique de la femme par des mouvements Yin, tr\u00e8s souples, gracieux, bas\u00e9s sur la physiologie f\u00e9minine. M\u00e9thode cr\u00e9\u00e9e par Mme Liu Ya Fei.<\/p>\n<div class=\"qigong-cours-item\">\n                <span class=\"qigong-icon\">\ud83d\udccd<\/span><\/p>\n<div class=\"qigong-cours-details\">\n                    <span class=\"qigong-cours-time\">Lundi : 10h &#8211; 11h30<\/span><br \/>\n                    <span class=\"qigong-cours-location\">Palais des sports &#8211; Orl\u00e9ans<\/span>\n                <\/div>\n<p>                <a href=\"https:\/\/www.google.com\/maps\/place\/Palais+des+Sports\/@47.9098824,1.9103115,17z\" target=\"_blank\" class=\"qigong-map-link\">\ud83d\uddfa\ufe0f<\/a>\n            <\/div>\n<div class=\"qigong-cours-item\">\n                <span class=\"qigong-icon\">\ud83d\udccd<\/span><\/p>\n<div class=\"qigong-cours-details\">\n                    <span class=\"qigong-cours-time\">Lundi : 14h30 &#8211; 16h<\/span><br \/>\n                    <span class=\"qigong-cours-location\">4 place du Champ Saint Marc &#8211; Orl\u00e9ans (Av Jean ZAY)<\/span>\n                <\/div>\n<p>                <a href=\"https:\/\/www.google.com\/maps\/place\/Salle+Albert+Camus\/@47.9063,1.9200856,17z\" target=\"_blank\" class=\"qigong-map-link\">\ud83d\uddfa\ufe0f<\/a>\n            <\/div>\n<\/p><\/div>\n<div class=\"qigong-cours-card\">\n<h3>\ud83c\udf3f Qi Gong de base de Ma\u00eetre Kewen<\/h3>\n<div class=\"qigong-cours-item\">\n                <span class=\"qigong-icon\">\ud83d\udccd<\/span><\/p>\n<div class=\"qigong-cours-details\">\n                    <span class=\"qigong-cours-time\">Lundi : 16h15 &#8211; 17h30<\/span><br \/>\n                    <span class=\"qigong-cours-location\">4 place du Champ Saint Marc &#8211; Orl\u00e9ans (Av Jean ZAY)<\/span>\n                <\/div>\n<p>                <a href=\"https:\/\/www.google.com\/maps\/place\/Salle+Albert+Camus\/@47.9063,1.9200856,17z\" target=\"_blank\" class=\"qigong-map-link\">\ud83d\uddfa\ufe0f<\/a>\n            <\/div>\n<\/p><\/div>\n<div class=\"qigong-cours-card\">\n<h3>\ud83c\udf0a Zi Ran Qi Gong &#8211; \u00c9tirement des 12 m\u00e9ridiens<\/h3>\n<p class=\"qigong-description\">Selon les enseignements de Ma\u00eetre Liu Deming et Ingrid Malenfant<\/p>\n<div class=\"qigong-cours-item\">\n                <span class=\"qigong-icon\">\ud83d\udccd<\/span><\/p>\n<div class=\"qigong-cours-details\">\n                    <span class=\"qigong-cours-time\">Mercredi : 17h &#8211; 18h15<\/span><br \/>\n                    <span class=\"qigong-cours-location\">Ch\u00e2teau de l&rsquo;Orbelli\u00e8re &#8211; 275 rue de l&rsquo;Orbelli\u00e8re, Olivet<\/span>\n                <\/div>\n<p>                <a href=\"https:\/\/www.google.com\/maps\/place\/Chateau+De+L'orbeliere\/@47.8725198,1.8929926,17z\" target=\"_blank\" class=\"qigong-map-link\">\ud83d\uddfa\ufe0f<\/a>\n            <\/div>\n<\/p><\/div>\n<\/p><\/div>\n<div class=\"qigong-cours-category qigong-cours-category-spacing\">\n<h3 class=\"qigong-category-title\">Cours apr\u00e8s 1 ou 2 ans de pratique<\/h3>\n<p class=\"qigong-category-subtitle\">M\u00e9thodes de Ma\u00eetre Zhang Guang De et mouvements de base de Mme Ke Wen et Ma\u00eetre Liu de Ming<\/p>\n<\/p><\/div>\n<div class=\"qigong-cours-grid\">\n<div class=\"qigong-cours-card\">\n<h3>\ud83c\udf8b Cours interm\u00e9diaires<\/h3>\n<div class=\"qigong-cours-item\">\n                <span class=\"qigong-icon\">\ud83d\udccd<\/span><\/p>\n<div class=\"qigong-cours-details\">\n                    <span class=\"qigong-cours-time\">Mardi : 14h15 &#8211; 15h40 \/ 15h50 &#8211; 17h10<\/span><br \/>\n                    <span class=\"qigong-cours-location\">Elite Asso &#8211; 642 rue Paul Heroult, ZA des Carmes, St Jean le Blanc<\/span>\n                <\/div>\n<p>                <a href=\"https:\/\/www.google.fr\/maps\/place\/ELITE+asso+salle+de+sport+Orl%C3%A9ans\" target=\"_blank\" class=\"qigong-map-link\">\ud83d\uddfa\ufe0f<\/a>\n            <\/div>\n<div class=\"qigong-cours-item\">\n                <span class=\"qigong-icon\">\ud83d\udccd<\/span><\/p>\n<div class=\"qigong-cours-details\">\n                    <span class=\"qigong-cours-time\">Mercredi : 12h30 &#8211; 13h45 \/ 13h45 &#8211; 15h \/ 15h &#8211; 16h15<\/span><br \/>\n                    <span class=\"qigong-cours-location\">Salle des Chats Ferr\u00e9s &#8211; Orl\u00e9ans<\/span>\n                <\/div>\n<p>                <a href=\"https:\/\/www.google.com\/maps\/place\/Salle+Ds+Chats+Ferres\/@47.9006958,1.8984986,17z\" target=\"_blank\" class=\"qigong-map-link\">\ud83d\uddfa\ufe0f<\/a>\n            <\/div>\n<div class=\"qigong-cours-item\">\n                <span class=\"qigong-icon\">\ud83d\udccd<\/span><\/p>\n<div class=\"qigong-cours-details\">\n                    <span class=\"qigong-cours-time\">Jeudi : 15h30 &#8211; 16h45 \/ 17h &#8211; 18h15<\/span><br \/>\n                    <span class=\"qigong-cours-location\">Espace Olympe de Gouges &#8211; Orl\u00e9ans La Source<\/span>\n                <\/div>\n<p>                <a href=\"https:\/\/www.google.com\/maps\/place\/Espace+Olympe+De+Gouges\/@47.8349963,1.9333362,17z\" target=\"_blank\" class=\"qigong-map-link\">\ud83d\uddfa\ufe0f<\/a>\n            <\/div>\n<\/p><\/div>\n<div class=\"qigong-cours-card\">\n<h3>\ud83c\udfee Hui Chun Gong<\/h3>\n<p class=\"qigong-description\">M\u00e9thode traditionnelle de Ma\u00eetre Shen Xin Yan. Pratique selon l&rsquo;enseignement d&rsquo;Ingrid Malenfant.<\/p>\n<div class=\"qigong-cours-item\">\n                <span class=\"qigong-icon\">\ud83d\udccd<\/span><\/p>\n<div class=\"qigong-cours-details\">\n                    <span class=\"qigong-cours-time\">Mercredi : 18h30 &#8211; 19h50<\/span><br \/>\n                    <span class=\"qigong-cours-location\">Ch\u00e2teau de l&rsquo;Orbelli\u00e8re &#8211; 275 rue de l&rsquo;Orbelli\u00e8re, Olivet<\/span>\n                <\/div>\n<p>                <a href=\"https:\/\/www.google.com\/maps\/place\/Chateau+De+L'orbeliere\/@47.8725198,1.8929926,17z\" target=\"_blank\" class=\"qigong-map-link\">\ud83d\uddfa\ufe0f<\/a>\n            <\/div>\n<\/p><\/div>\n<\/p><\/div>\n<\/section>\n<p><!-- Inscription --><\/p>\n<section id=\"inscription\" class=\"qigong-section qigong-inscription qigong-fade-in\">\n<h2 class=\"qigong-section-title\">Inscription 2025-2026<\/h2>\n<div class=\"qigong-docs-links\">\n        <a href=\"https:\/\/www.taichi-ailes.fr\/taichi\/wp-content\/uploads\/2025\/09\/Plaquette2025-2026_site_finale-compresse.pdf\" class=\"qigong-doc-link\" target=\"_blank\" rel=\"noopener noreferrer\"><br \/>\n            <span class=\"qigong-doc-icon\">\ud83d\udccb<\/span><br \/>\n            <span>Plaquette 2025-2026<\/span><br \/>\n        <\/a><br \/>\n        <a href=\"https:\/\/www.taichi-ailes.fr\/taichi\/wp-content\/uploads\/2025\/07\/Bulletin-dinscription-QG-2025-2026.pdf\" class=\"qigong-doc-link\" target=\"_blank\" rel=\"noopener noreferrer\"><br \/>\n            <span class=\"qigong-doc-icon\">\u270d\ufe0f<\/span><br \/>\n            <span>Bulletin d&rsquo;inscription<\/span><br \/>\n        <\/a><br \/>\n        <a href=\"http:\/\/www.taichi-ailes.fr\/taichi\/wp-content\/uploads\/2017\/07\/Attestation-QS-sport-pour-tous.pdf\" class=\"qigong-doc-link\" target=\"_blank\" rel=\"noopener noreferrer\"><br \/>\n            <span class=\"qigong-doc-icon\">\ud83c\udfe5<\/span><br \/>\n            <span>Questionnaire sant\u00e9<\/span><br \/>\n        <\/a>\n    <\/div>\n<\/section>\n<p><!-- Ateliers --><\/p>\n<section id=\"ateliers\" class=\"qigong-section qigong-fade-in\">\n<div class=\"qigong-ateliers-section\">\n<div class=\"qigong-ateliers-header\">\n<h2 class=\"qigong-section-title\">Ateliers Mensuels de Qi Gong<\/h2>\n<\/p><\/div>\n<div class=\"qigong-ateliers-info\">\n<p><strong>\ud83d\udccd Lieu :<\/strong> Salle de danse du centre Olympe de Gouges \u00e0 La Source &#8211; 3 rue Edouard Branly<\/p>\n<p class=\"qigong-ateliers-note\">Une fois arriv\u00e9, emprunter la passerelle et derni\u00e8re porte \u00e0 droite sous le passage (interphone salle de danse)<\/p>\n<p class=\"qigong-ateliers-pricing-title\"><strong>\ud83d\udcb0 Tarifs :<\/strong><\/p>\n<p>\u2022 15\u20ac par atelier + 45\u20ac (adh\u00e9sion annuelle + licence f\u00e9d\u00e9rale + assurance \u00e0 partir du 2\u00e8me atelier)<\/p>\n<p>\u2022 10\u20ac pour les pratiquants de l&rsquo;association AILES<\/p>\n<p class=\"qigong-ateliers-contact\">\ud83d\udce7 Contact pour inscription : <strong>joelle.ribaud@wanadoo.fr<\/strong> \u2022 \ud83d\udcf1 06 76 75 57 42<\/p>\n<\/p><\/div>\n<div class=\"qigong-ateliers-grid\">\n<div class=\"qigong-atelier-card\">\n<h4>\ud83c\udf38 Avec Marielle \u2022 9h30 &#8211; 12h<\/h4>\n<p class=\"qigong-atelier-method\">M\u00e9thodes enseign\u00e9es par Mme Ingrid Malenfant &#8211; Qi Gong des m\u00e9ridiens<\/p>\n<p><strong>Dates :<\/strong> 4 octobre, 15 novembre, 6 d\u00e9cembre, 10 janvier 2026, 31 janvier, 21 mars, 11 avril, 2 mai.<\/p>\n<\/p><\/div>\n<div class=\"qigong-atelier-card\">\n<h4>\ud83c\udf38 Avec Claire \u2022 9h30 &#8211; 12h<\/h4>\n<p class=\"qigong-atelier-method\">Qi Dance selon l&rsquo;enseignement de Maitre Ke Wen<\/p>\n<p><strong>Dates :<\/strong> 22 novembre, 17 janvier, 28 mars, 30 mai.<\/p>\n<\/p><\/div>\n<div class=\"qigong-atelier-card\">\n<h4>\ud83c\udf38 Avec Jo\u00eblle \u2022 9h30 &#8211; 12h<\/h4>\n<p><strong>Dates :<\/strong><\/p>\n<p>\u2022 8 novembre : Forme de Qi Gong pour le poumon,<\/p>\n<p>\u2022 13 d\u00e9cembre : Forme de Qi Gong pour le rein,<\/p>\n<p>\u2022 7 f\u00e9vrier : Forme pour le foie,<\/p>\n<p>\u2022 7 mars : Forme pour la rate,<\/p>\n<p>\u2022 27 juin : Forme pour le coeur.<\/p>\n<\/p><\/div>\n<\/p><\/div>\n<\/p><\/div>\n<\/section>\n","protected":false},"excerpt":{"rendered":"<p>&nbsp;<\/p>\n","protected":false},"author":9,"featured_media":0,"parent":0,"menu_order":0,"comment_status":"closed","ping_status":"closed","template":"","meta":{"site-sidebar-layout":"default","site-content-layout":"","ast-site-content-layout":"default","site-content-style":"default","site-sidebar-style":"default","ast-global-header-display":"","ast-banner-title-visibility":"","ast-main-header-display":"","ast-hfb-above-header-display":"","ast-hfb-below-header-display":"","ast-hfb-mobile-header-display":"","site-post-title":"disabled","ast-breadcrumbs-content":"","ast-featured-img":"","footer-sml-layout":"","ast-disable-related-posts":"","theme-transparent-header-meta":"default","adv-header-id-meta":"","stick-header-meta":"","header-above-stick-meta":"","header-main-stick-meta":"","header-below-stick-meta":"","astra-migrate-meta-layouts":"set","ast-page-background-enabled":"default","ast-page-background-meta":{"desktop":{"background-color":"var(--ast-global-color-5)","background-image":"","background-repeat":"repeat","background-position":"center center","background-size":"auto","background-attachment":"scroll","background-type":"","background-media":"","overlay-type":"","overlay-color":"","overlay-opacity":"","overlay-gradient":""},"tablet":{"background-color":"","background-image":"","background-repeat":"repeat","background-position":"center center","background-size":"auto","background-attachment":"scroll","background-type":"","background-media":"","overlay-type":"","overlay-color":"","overlay-opacity":"","overlay-gradient":""},"mobile":{"background-color":"","background-image":"","background-repeat":"repeat","background-position":"center center","background-size":"auto","background-attachment":"scroll","background-type":"","background-media":"","overlay-type":"","overlay-color":"","overlay-opacity":"","overlay-gradient":""}},"ast-content-background-meta":{"desktop":{"background-color":"var(--ast-global-color-4)","background-image":"","background-repeat":"repeat","background-position":"center center","background-size":"auto","background-attachment":"scroll","background-type":"","background-media":"","overlay-type":"","overlay-color":"","overlay-opacity":"","overlay-gradient":""},"tablet":{"background-color":"var(--ast-global-color-4)","background-image":"","background-repeat":"repeat","background-position":"center center","background-size":"auto","background-attachment":"scroll","background-type":"","background-media":"","overlay-type":"","overlay-color":"","overlay-opacity":"","overlay-gradient":""},"mobile":{"background-color":"var(--ast-global-color-4)","background-image":"","background-repeat":"repeat","background-position":"center center","background-size":"auto","background-attachment":"scroll","background-type":"","background-media":"","overlay-type":"","overlay-color":"","overlay-opacity":"","overlay-gradient":""}},"ngg_post_thumbnail":0,"footnotes":""},"class_list":["post-3453","page","type-page","status-publish","hentry"],"_links":{"self":[{"href":"https:\/\/www.taichi-ailes.fr\/taichi\/wp-json\/wp\/v2\/pages\/3453","targetHints":{"allow":["GET"]}}],"collection":[{"href":"https:\/\/www.taichi-ailes.fr\/taichi\/wp-json\/wp\/v2\/pages"}],"about":[{"href":"https:\/\/www.taichi-ailes.fr\/taichi\/wp-json\/wp\/v2\/types\/page"}],"author":[{"embeddable":true,"href":"https:\/\/www.taichi-ailes.fr\/taichi\/wp-json\/wp\/v2\/users\/9"}],"replies":[{"embeddable":true,"href":"https:\/\/www.taichi-ailes.fr\/taichi\/wp-json\/wp\/v2\/comments?post=3453"}],"version-history":[{"count":16,"href":"https:\/\/www.taichi-ailes.fr\/taichi\/wp-json\/wp\/v2\/pages\/3453\/revisions"}],"predecessor-version":[{"id":3949,"href":"https:\/\/www.taichi-ailes.fr\/taichi\/wp-json\/wp\/v2\/pages\/3453\/revisions\/3949"}],"wp:attachment":[{"href":"https:\/\/www.taichi-ailes.fr\/taichi\/wp-json\/wp\/v2\/media?parent=3453"}],"curies":[{"name":"wp","href":"https:\/\/api.w.org\/{rel}","templated":true}]}}